{"id":782,"date":"2024-12-12T16:47:06","date_gmt":"2024-12-12T19:47:06","guid":{"rendered":"https:\/\/aquabench.com\/?page_id=782"},"modified":"2025-01-30T16:50:15","modified_gmt":"2025-01-30T19:50:15","slug":"somos-aquabench","status":"publish","type":"page","link":"https:\/\/aquabench.com\/eng\/somos-aquabench\/","title":{"rendered":"We are Aquabench"},"content":{"rendered":"\t\t<div data-elementor-type=\"wp-page\" data-elementor-id=\"782\" class=\"elementor elementor-782\">\n\t\t\t\t<div class=\"elementor-element elementor-element-49ab95b e-flex e-con-boxed lakit-col-width-auto-no wpr-particle-no wpr-jarallax-no wpr-parallax-no wpr-sticky-section-no wpr-equal-height-no e-container e-root-container elementor-top-section e-con e-parent\" data-id=\"49ab95b\" data-element_type=\"container\" data-e-type=\"container\" data-settings=\"{&quot;background_background&quot;:&quot;classic&quot;,&quot;background_motion_fx_motion_fx_scrolling&quot;:&quot;yes&quot;,&quot;background_motion_fx_translateY_effect&quot;:&quot;yes&quot;,&quot;background_motion_fx_translateY_speed&quot;:{&quot;unit&quot;:&quot;px&quot;,&quot;size&quot;:3,&quot;sizes&quot;:[]},&quot;background_motion_fx_translateY_affectedRange&quot;:{&quot;unit&quot;:&quot;%&quot;,&quot;size&quot;:&quot;&quot;,&quot;sizes&quot;:{&quot;start&quot;:20,&quot;end&quot;:80}},&quot;background_motion_fx_devices&quot;:[&quot;mobile&quot;,&quot;tablet&quot;,&quot;laptop&quot;,&quot;desktop&quot;]}\">\n\t\t\t\t\t<div class=\"e-con-inner\">\n\t\t\t\t\t<\/div>\n\t\t\t\t<\/div>\n\t\t<div class=\"elementor-element elementor-element-120543a e-flex e-con-boxed lakit-col-width-auto-no wpr-particle-no wpr-jarallax-no wpr-parallax-no wpr-sticky-section-no wpr-equal-height-no e-container e-root-container elementor-top-section e-con e-parent\" data-id=\"120543a\" data-element_type=\"container\" data-e-type=\"container\">\n\t\t\t\t\t<div class=\"e-con-inner\">\n\t\t<div class=\"elementor-element elementor-element-676144b e-con-full e-flex lakit-col-width-auto-no wpr-particle-no wpr-jarallax-no wpr-parallax-no wpr-sticky-section-no wpr-equal-height-no e-container e-con e-child\" data-id=\"676144b\" data-element_type=\"container\" data-e-type=\"container\" data-settings=\"{&quot;background_background&quot;:&quot;classic&quot;}\">\n\t\t\t\t<div class=\"elementor-element elementor-element-c0c935f elementor-widget elementor-widget-heading\" data-id=\"c0c935f\" data-element_type=\"widget\" data-e-type=\"widget\" data-widget_type=\"heading.default\">\n\t\t\t\t<div class=\"elementor-widget-container\">\n\t\t\t\t\t<h2 class=\"elementor-heading-title elementor-size-default\">Somos Aquabench<\/h2>\t\t\t\t<\/div>\n\t\t\t\t<\/div>\n\t\t\t\t<div class=\"elementor-element elementor-element-9a0af27 elementor-widget elementor-widget-text-editor\" data-id=\"9a0af27\" data-element_type=\"widget\" data-e-type=\"widget\" data-widget_type=\"text-editor.default\">\n\t\t\t\t<div class=\"elementor-widget-container\">\n\t\t\t\t\t\t\t\t\t<p><span style=\"font-weight: 400;\">Somos una empresa dedicada a brindar soporte a la industria salmonicultora chilena, ofreciendo servicios especializados de auditor\u00eda, recopilaci\u00f3n y an\u00e1lisis de datos, propuestas de investigaci\u00f3n y evaluaciones. Con casi dos d\u00e9cadas de experiencia, Aquabench\u00ae se mantiene\u00a0 fiel a la filosof\u00eda de trabajo con la que fue fundada adapt\u00e1ndose a los constantes cambios del sector y respondiendo a sus desaf\u00edos mediante la innovaci\u00f3n, experiencia, conocimiento profundo del mercado y compromiso con la transparencia, confidencialidad y excelencia. <\/span><\/p>\t\t\t\t\t\t\t\t<\/div>\n\t\t\t\t<\/div>\n\t\t\t\t<\/div>\n\t\t\t\t\t<\/div>\n\t\t\t\t<\/div>\n\t\t<div class=\"elementor-element elementor-element-5c759fc e-flex e-con-boxed lakit-col-width-auto-no wpr-particle-no wpr-jarallax-no wpr-parallax-no wpr-sticky-section-no wpr-equal-height-no e-container e-root-container elementor-top-section e-con e-parent\" data-id=\"5c759fc\" data-element_type=\"container\" data-e-type=\"container\">\n\t\t\t\t\t<div class=\"e-con-inner\">\n\t\t<div class=\"elementor-element elementor-element-f6560fa e-con-full e-flex lakit-col-width-auto-no wpr-particle-no wpr-jarallax-no wpr-parallax-no wpr-sticky-section-no wpr-equal-height-no e-container e-con e-child\" data-id=\"f6560fa\" data-element_type=\"container\" data-e-type=\"container\" data-settings=\"{&quot;background_background&quot;:&quot;classic&quot;}\">\n\t\t<div class=\"elementor-element elementor-element-57b1aae e-con-full e-flex lakit-col-width-auto-no wpr-particle-no wpr-jarallax-no wpr-parallax-no wpr-sticky-section-no wpr-equal-height-no e-container e-con e-child\" data-id=\"57b1aae\" data-element_type=\"container\" data-e-type=\"container\" data-settings=\"{&quot;background_background&quot;:&quot;classic&quot;}\">\n\t\t\t\t<div class=\"elementor-element elementor-element-485f69d elementor-view-default elementor-widget elementor-widget-icon\" data-id=\"485f69d\" data-element_type=\"widget\" data-e-type=\"widget\" data-widget_type=\"icon.default\">\n\t\t\t\t<div class=\"elementor-widget-container\">\n\t\t\t\t\t\t\t<div class=\"elementor-icon-wrapper\">\n\t\t\t<div class=\"elementor-icon\">\n\t\t\t<i aria-hidden=\"true\" class=\"icofont icofont-dart\"><\/i>\t\t\t<\/div>\n\t\t<\/div>\n\t\t\t\t\t\t<\/div>\n\t\t\t\t<\/div>\n\t\t\t\t<div class=\"elementor-element elementor-element-9104a31 elementor-widget elementor-widget-heading\" data-id=\"9104a31\" data-element_type=\"widget\" data-e-type=\"widget\" data-widget_type=\"heading.default\">\n\t\t\t\t<div class=\"elementor-widget-container\">\n\t\t\t\t\t<h2 class=\"elementor-heading-title elementor-size-default\">Misi\u00f3n<\/h2>\t\t\t\t<\/div>\n\t\t\t\t<\/div>\n\t\t\t\t<div class=\"elementor-element elementor-element-f48fd05 elementor-widget elementor-widget-text-editor\" data-id=\"f48fd05\" data-element_type=\"widget\" data-e-type=\"widget\" data-widget_type=\"text-editor.default\">\n\t\t\t\t<div class=\"elementor-widget-container\">\n\t\t\t\t\t\t\t\t\t<p><span style=\"font-weight: 400;\">Generamos conocimiento enfocado en mejorar la productividad y sustentabilidad de la industria Acu\u00edcola.<\/span><\/p>\t\t\t\t\t\t\t\t<\/div>\n\t\t\t\t<\/div>\n\t\t\t\t<\/div>\n\t\t<div class=\"elementor-element elementor-element-8e528dd e-con-full e-flex lakit-col-width-auto-no wpr-particle-no wpr-jarallax-no wpr-parallax-no wpr-sticky-section-no wpr-equal-height-no e-container e-con e-child\" data-id=\"8e528dd\" data-element_type=\"container\" data-e-type=\"container\" data-settings=\"{&quot;background_background&quot;:&quot;classic&quot;}\">\n\t\t\t\t<div class=\"elementor-element elementor-element-da26bb4 elementor-view-default elementor-widget elementor-widget-icon\" data-id=\"da26bb4\" data-element_type=\"widget\" data-e-type=\"widget\" data-widget_type=\"icon.default\">\n\t\t\t\t<div class=\"elementor-widget-container\">\n\t\t\t\t\t\t\t<div class=\"elementor-icon-wrapper\">\n\t\t\t<div class=\"elementor-icon\">\n\t\t\t<svg aria-hidden=\"true\" class=\"e-font-icon-svg e-far-lightbulb\" viewBox=\"0 0 352 512\" xmlns=\"http:\/\/www.w3.org\/2000\/svg\"><path d=\"M176 80c-52.94 0-96 43.06-96 96 0 8.84 7.16 16 16 16s16-7.16 16-16c0-35.3 28.72-64 64-64 8.84 0 16-7.16 16-16s-7.16-16-16-16zM96.06 459.17c0 3.15.93 6.22 2.68 8.84l24.51 36.84c2.97 4.46 7.97 7.14 13.32 7.14h78.85c5.36 0 10.36-2.68 13.32-7.14l24.51-36.84c1.74-2.62 2.67-5.7 2.68-8.84l.05-43.18H96.02l.04 43.18zM176 0C73.72 0 0 82.97 0 176c0 44.37 16.45 84.85 43.56 115.78 16.64 18.99 42.74 58.8 52.42 92.16v.06h48v-.12c-.01-4.77-.72-9.51-2.15-14.07-5.59-17.81-22.82-64.77-62.17-109.67-20.54-23.43-31.52-53.15-31.61-84.14-.2-73.64 59.67-128 127.95-128 70.58 0 128 57.42 128 128 0 30.97-11.24 60.85-31.65 84.14-39.11 44.61-56.42 91.47-62.1 109.46a47.507 47.507 0 0 0-2.22 14.3v.1h48v-.05c9.68-33.37 35.78-73.18 52.42-92.16C335.55 260.85 352 220.37 352 176 352 78.8 273.2 0 176 0z\"><\/path><\/svg>\t\t\t<\/div>\n\t\t<\/div>\n\t\t\t\t\t\t<\/div>\n\t\t\t\t<\/div>\n\t\t\t\t<div class=\"elementor-element elementor-element-01b17aa elementor-widget elementor-widget-heading\" data-id=\"01b17aa\" data-element_type=\"widget\" data-e-type=\"widget\" data-widget_type=\"heading.default\">\n\t\t\t\t<div class=\"elementor-widget-container\">\n\t\t\t\t\t<h2 class=\"elementor-heading-title elementor-size-default\">Visi\u00f3n<\/h2>\t\t\t\t<\/div>\n\t\t\t\t<\/div>\n\t\t\t\t<div class=\"elementor-element elementor-element-81eab6b elementor-widget elementor-widget-text-editor\" data-id=\"81eab6b\" data-element_type=\"widget\" data-e-type=\"widget\" data-widget_type=\"text-editor.default\">\n\t\t\t\t<div class=\"elementor-widget-container\">\n\t\t\t\t\t\t\t\t\t<div class=\"p31 wp-block-column has-background is-layout-constrained wp-container-core-column-is-layout-17 wp-block-column-is-layout-constrained\"><div class=\"wp-block-group alignwide is-layout-flow wp-block-group-is-layout-flow\"><p class=\"p2 has-white-color has-text-color has-link-color parrafo-fnegro-justify has-text-align-left\"><span style=\"font-weight: 400;\">Ser l\u00edderes en la generaci\u00f3n de conocimiento y an\u00e1lisis de informaci\u00f3n de la industria acu\u00edcola.<\/span><\/p><\/div><\/div>\t\t\t\t\t\t\t\t<\/div>\n\t\t\t\t<\/div>\n\t\t\t\t<\/div>\n\t\t\t\t<\/div>\n\t\t\t\t\t<\/div>\n\t\t\t\t<\/div>\n\t\t<div class=\"elementor-element elementor-element-0885774 e-flex e-con-boxed lakit-col-width-auto-no wpr-particle-no wpr-jarallax-no wpr-parallax-no wpr-sticky-section-no wpr-equal-height-no e-container e-root-container elementor-top-section e-con e-parent\" data-id=\"0885774\" data-element_type=\"container\" data-e-type=\"container\" data-settings=\"{&quot;background_background&quot;:&quot;classic&quot;}\">\n\t\t\t\t\t<div class=\"e-con-inner\">\n\t\t<div class=\"elementor-element elementor-element-2f7d585 e-flex e-con-boxed lakit-col-width-auto-no wpr-particle-no wpr-jarallax-no wpr-parallax-no wpr-sticky-section-no wpr-equal-height-no e-container e-con e-child\" data-id=\"2f7d585\" data-element_type=\"container\" data-e-type=\"container\">\n\t\t\t\t\t<div class=\"e-con-inner\">\n\t\t\t\t<div class=\"elementor-element elementor-element-36f18b5 elementor-widget elementor-widget-heading\" data-id=\"36f18b5\" data-element_type=\"widget\" data-e-type=\"widget\" data-widget_type=\"heading.default\">\n\t\t\t\t<div class=\"elementor-widget-container\">\n\t\t\t\t\t<h2 class=\"elementor-heading-title elementor-size-default\">Confianza y transparencia<\/h2>\t\t\t\t<\/div>\n\t\t\t\t<\/div>\n\t\t\t\t<div class=\"elementor-element elementor-element-a20f0bb elementor-widget elementor-widget-text-editor\" data-id=\"a20f0bb\" data-element_type=\"widget\" data-e-type=\"widget\" data-widget_type=\"text-editor.default\">\n\t\t\t\t<div class=\"elementor-widget-container\">\n\t\t\t\t\t\t\t\t\t<p><span style=\"font-weight: 400;\">En Aquabench\u00ae nos comprometemos con la transparencia y la confianza de nuestros clientes, reconociendo la importancia de proteger y salvaguardar toda la informaci\u00f3n sensible. Sabemos que la recopilaci\u00f3n y el an\u00e1lisis continuo de datos son esenciales para tomar decisiones m\u00e1s informadas y oportunas. Este enfoque nos permite ofrecer soluciones precisas y efectivas, siempre respetando los m\u00e1s altos est\u00e1ndares de seguridad, \u00e9tica y confidencialidad.<\/span><\/p>\t\t\t\t\t\t\t\t<\/div>\n\t\t\t\t<\/div>\n\t\t\t\t<div class=\"elementor-element elementor-element-2e5bc5e elementor-align-left elementor-mobile-align-center elementor-widget elementor-widget-button\" data-id=\"2e5bc5e\" data-element_type=\"widget\" data-e-type=\"widget\" data-widget_type=\"button.default\">\n\t\t\t\t<div class=\"elementor-widget-container\">\n\t\t\t\t\t\t\t\t\t<div class=\"elementor-button-wrapper\">\n\t\t\t\t\t<a class=\"elementor-button elementor-button-link elementor-size-sm\" href=\"\/wp-content\/uploads\/2024\/12\/D-SI-04-Politica-SGSI-AQUABENCH-.pdf\" target=\"_blank\">\n\t\t\t\t\t\t<span class=\"elementor-button-content-wrapper\">\n\t\t\t\t\t\t\t\t\t<span class=\"elementor-button-text\">Descargar pol\u00edtica de seguridad <\/span>\n\t\t\t\t\t<\/span>\n\t\t\t\t\t<\/a>\n\t\t\t\t<\/div>\n\t\t\t\t\t\t\t\t<\/div>\n\t\t\t\t<\/div>\n\t\t\t\t\t<\/div>\n\t\t\t\t<\/div>\n\t\t\t\t\t<\/div>\n\t\t\t\t<\/div>\n\t\t<div class=\"elementor-element elementor-element-77e3f4f e-flex e-con-boxed lakit-col-width-auto-no wpr-particle-no wpr-jarallax-no wpr-parallax-no wpr-sticky-section-no wpr-equal-height-no e-container e-root-container elementor-top-section e-con e-parent\" data-id=\"77e3f4f\" data-element_type=\"container\" data-e-type=\"container\" data-settings=\"{&quot;background_background&quot;:&quot;classic&quot;}\">\n\t\t\t\t\t<div class=\"e-con-inner\">\n\t\t<div class=\"elementor-element elementor-element-6aebf6f e-con-full e-flex lakit-col-width-auto-no wpr-particle-no wpr-jarallax-no wpr-parallax-no wpr-sticky-section-no wpr-equal-height-no e-container e-con e-child\" data-id=\"6aebf6f\" data-element_type=\"container\" data-e-type=\"container\" data-settings=\"{&quot;background_background&quot;:&quot;classic&quot;}\">\n\t\t<div class=\"elementor-element elementor-element-8f9e632 e-con-full e-flex lakit-col-width-auto-no wpr-particle-no wpr-jarallax-no wpr-parallax-no wpr-sticky-section-no wpr-equal-height-no e-container e-con e-child\" data-id=\"8f9e632\" data-element_type=\"container\" data-e-type=\"container\">\n\t\t<div class=\"elementor-element elementor-element-aaa5189 e-con-full e-flex lakit-col-width-auto-no wpr-particle-no wpr-jarallax-no wpr-parallax-no wpr-sticky-section-no wpr-equal-height-no e-container e-con e-child\" data-id=\"aaa5189\" data-element_type=\"container\" data-e-type=\"container\">\n\t\t\t\t<div class=\"elementor-element elementor-element-ad53191 elementor-hidden-mobile elementor-view-default elementor-widget elementor-widget-icon\" data-id=\"ad53191\" data-element_type=\"widget\" data-e-type=\"widget\" data-widget_type=\"icon.default\">\n\t\t\t\t<div class=\"elementor-widget-container\">\n\t\t\t\t\t\t\t<div class=\"elementor-icon-wrapper\">\n\t\t\t<div class=\"elementor-icon\">\n\t\t\t<svg xmlns=\"http:\/\/www.w3.org\/2000\/svg\" width=\"1024\" height=\"1024\" viewBox=\"0 0 1024 1024\" class=\"lakit-font-icon-svg\" data-icon-name=\"food_fish\" data-icon-type=\"dlicon\"><path d=\"M1004.8 355.2c-9.6-6.4-25.6-3.2-35.2 3.2L835.2 464C793.6 406.4 688 281.6 524.8 236.8c-6.4-35.2 0-70.4 12.8-96 6.4-9.6 6.4-22.4 0-32-3.2-6.4-12.8-12.8-25.6-12.8-86.4 0-166.4 73.6-204.8 147.2C134.4 304 38.4 489.6 35.2 496c-3.2 9.6-3.2 19.2 0 28.8C41.6 537.6 176 800 416 800c227.2 0 371.2-169.6 422.4-240l131.2 105.6c6.4 3.2 12.8 6.4 19.2 6.4 3.2 0 9.6 0 12.8-3.2 9.6-6.4 19.2-16 19.2-28.8V384c3.2-12.8-3.2-22.4-16-28.8zM99.2 512c25.6-41.6 102.4-156.8 217.6-204.8C361.6 377.6 384 441.6 384 512c0 80-19.2 147.2-57.6 208-121.6-41.6-201.6-166.4-227.2-208zM416 736h-22.4C432 668.8 448 595.2 448 512s-25.6-163.2-80-246.4c19.2-38.4 57.6-76.8 96-96-6.4 32-3.2 67.2 3.2 102.4 3.2 12.8 12.8 22.4 25.6 25.6 160 35.2 265.6 169.6 300.8 214.4-38.4 54.4-172.8 224-377.6 224zm544-163.2L883.2 512l76.8-60.8v121.6z\" fill=\"currentColor\"\/><\/svg>\t\t\t<\/div>\n\t\t<\/div>\n\t\t\t\t\t\t<\/div>\n\t\t\t\t<\/div>\n\t\t\t\t<\/div>\n\t\t<div class=\"elementor-element elementor-element-baa4397 e-con-full elementor-hidden-mobile e-flex lakit-col-width-auto-no wpr-particle-no wpr-jarallax-no wpr-parallax-no wpr-sticky-section-no wpr-equal-height-no e-container e-con e-child\" data-id=\"baa4397\" data-element_type=\"container\" data-e-type=\"container\">\n\t\t\t\t<div class=\"elementor-element elementor-element-2a91c87 elementor-widget__width-initial elementor-widget elementor-widget-spacer\" data-id=\"2a91c87\" data-element_type=\"widget\" data-e-type=\"widget\" data-widget_type=\"spacer.default\">\n\t\t\t\t<div class=\"elementor-widget-container\">\n\t\t\t\t\t\t\t<div class=\"elementor-spacer\">\n\t\t\t<div class=\"elementor-spacer-inner\"><\/div>\n\t\t<\/div>\n\t\t\t\t\t\t<\/div>\n\t\t\t\t<\/div>\n\t\t\t\t<\/div>\n\t\t\t\t<\/div>\n\t\t<div class=\"elementor-element elementor-element-edba1cf e-con-full e-flex lakit-col-width-auto-no wpr-particle-no wpr-jarallax-no wpr-parallax-no wpr-sticky-section-no wpr-equal-height-no e-container e-con e-child\" data-id=\"edba1cf\" data-element_type=\"container\" data-e-type=\"container\">\n\t\t\t\t<div class=\"elementor-element elementor-element-1bcac5a elementor-widget elementor-widget-heading\" data-id=\"1bcac5a\" data-element_type=\"widget\" data-e-type=\"widget\" data-widget_type=\"heading.default\">\n\t\t\t\t<div class=\"elementor-widget-container\">\n\t\t\t\t\t<h2 class=\"elementor-heading-title elementor-size-default\">Nuestra Historia<\/h2>\t\t\t\t<\/div>\n\t\t\t\t<\/div>\n\t\t\t\t<div class=\"elementor-element elementor-element-b705b87 elementor-widget elementor-widget-text-editor\" data-id=\"b705b87\" data-element_type=\"widget\" data-e-type=\"widget\" data-widget_type=\"text-editor.default\">\n\t\t\t\t<div class=\"elementor-widget-container\">\n\t\t\t\t\t\t\t\t\t<p><strong>\u00b7 2007 Nace Aquabench\u00ae<\/strong><br \/>Con el objetivo de prestar servicios para la gesti\u00f3n sanitaria y toma de decisiones en la industria acu\u00edcola a trav\u00e9s de auditor\u00edas de bioseguridad e integraci\u00f3n y estandarizaci\u00f3n de datos productivos.<\/p><p><strong>\u00b7 2008 y 2009 Aquabench\u00ae <\/strong><strong>desarrolla y aplica sus protocolos de bioseguridad comenzando su servicio de auditor\u00edas<\/strong><br \/>En toda la cadena de producci\u00f3n, como apoyo a la gesti\u00f3n sanitaria de los productores para controlar el virus ISA primero y luego entregando soluciones preventivas de bioseguridad en las distintas etapas productivas. Gran parte de los protocolos desarrollados fueron incorporados a la regulaci\u00f3n.<\/p><p><strong>\u00b7 2012: Lanzamos un Benchmarking para Plantas de Proceso de Salm\u00f3n<\/strong><br \/>Con 21 plantas participantes.<\/p><p><strong>\u00b7 2013 Iniciamos el proyecto Caligus<\/strong><br \/>Con el objetivo de contribuir en la evaluaci\u00f3n de las estrategias de prevenci\u00f3n y control.<\/p><p><strong>\u00b7 2015 iniciamos el proyecto SRS<\/strong><br \/>Con el objetivo de prestar soporte a las evaluaciones de eficacia de tratamientos.<\/p><p><strong>\u00b7 2021 Salmobench\u00ae que re\u00fane informaci\u00f3n sanitaria y productiva<\/strong><br \/>Alcanza el 100% de representatividad en la industria incorporando a los 18 productores de engorda.<\/p><p><strong>\u00b7 2022 Iniciamos el proyecto Melanosis<\/strong><br \/>Adem\u00e1s de dar inicio al Benchmarking de Sostenibilidad.<\/p><p><strong>\u00b7 2023 Aquabench\u00ae adquiere el 50% de la propiedad del laboratorio CIBA<\/strong> <br \/>con miras a desarrollar un proyecto de servicios anal\u00edticos l\u00edder en la industria.<\/p><p><strong>\u00b7 2024 Lanzamos la<\/strong> <strong>plataforma Salmobench\u00ae<\/strong> <br \/>online en Chile.<\/p>\t\t\t\t\t\t\t\t<\/div>\n\t\t\t\t<\/div>\n\t\t\t\t<\/div>\n\t\t\t\t<\/div>\n\t\t\t\t\t<\/div>\n\t\t\t\t<\/div>\n\t\t\t\t<\/div>\n\t\t","protected":false},"excerpt":{"rendered":"<p>Somos Aquabench Somos una empresa dedicada a brindar soporte a la industria salmonicultora chilena, ofreciendo servicios especializados de auditor\u00eda, recopilaci\u00f3n y an\u00e1lisis de datos, propuestas de investigaci\u00f3n y evaluaciones. Con casi dos d\u00e9cadas de experiencia, Aquabench\u00ae se mantiene\u00a0 fiel a la filosof\u00eda de trabajo con la que fue fundada adapt\u00e1ndose a los constantes cambios del sector y respondiendo a sus desaf\u00edos mediante la innovaci\u00f3n, experiencia, conocimiento profundo del mercado y compromiso con la transparencia, confidencialidad y excelencia. Misi\u00f3n Generamos conocimiento enfocado en mejorar la productividad y sustentabilidad de la industria Acu\u00edcola. Visi\u00f3n Ser l\u00edderes en la generaci\u00f3n de conocimiento y an\u00e1lisis de informaci\u00f3n de la industria acu\u00edcola. Confianza y transparencia En Aquabench\u00ae nos comprometemos con la transparencia y la confianza de nuestros clientes, reconociendo la importancia de proteger y salvaguardar toda la informaci\u00f3n sensible. Sabemos que la recopilaci\u00f3n y el an\u00e1lisis continuo de datos son esenciales para tomar decisiones m\u00e1s informadas y oportunas. Este enfoque nos permite ofrecer soluciones precisas y efectivas, siempre respetando los m\u00e1s altos est\u00e1ndares de seguridad, \u00e9tica y confidencialidad. Descargar pol\u00edtica de seguridad Nuestra Historia \u00b7 2007 Nace Aquabench\u00aeCon el objetivo de prestar servicios para la gesti\u00f3n sanitaria y toma de decisiones en la industria acu\u00edcola a trav\u00e9s de auditor\u00edas de bioseguridad e integraci\u00f3n y estandarizaci\u00f3n de datos productivos. \u00b7 2008 y 2009 Aquabench\u00ae desarrolla y aplica sus protocolos de bioseguridad comenzando su servicio de auditor\u00edasEn toda la cadena de producci\u00f3n, como apoyo a la gesti\u00f3n sanitaria de los productores para controlar el virus ISA primero y luego entregando soluciones preventivas de bioseguridad en las distintas etapas productivas. Gran parte de los protocolos desarrollados fueron incorporados a la regulaci\u00f3n. \u00b7 2012: Lanzamos un Benchmarking para Plantas de Proceso de Salm\u00f3nCon 21 plantas participantes. \u00b7 2013 Iniciamos el proyecto CaligusCon el objetivo de contribuir en la evaluaci\u00f3n de las estrategias de prevenci\u00f3n y control. \u00b7 2015 iniciamos el proyecto SRSCon el objetivo de prestar soporte a las evaluaciones de eficacia de tratamientos. \u00b7 2021 Salmobench\u00ae que re\u00fane informaci\u00f3n sanitaria y productivaAlcanza el 100% de representatividad en la industria incorporando a los 18 productores de engorda. \u00b7 2022 Iniciamos el proyecto MelanosisAdem\u00e1s de dar inicio al Benchmarking de Sostenibilidad. \u00b7 2023 Aquabench\u00ae adquiere el 50% de la propiedad del laboratorio CIBA con miras a desarrollar un proyecto de servicios anal\u00edticos l\u00edder en la industria. \u00b7 2024 Lanzamos la plataforma Salmobench\u00ae online en Chile.<\/p>","protected":false},"author":2,"featured_media":0,"parent":0,"menu_order":0,"comment_status":"closed","ping_status":"closed","template":"elementor_header_footer","meta":{"site-sidebar-layout":"no-sidebar","site-content-layout":"","ast-site-content-layout":"full-width-container","site-content-style":"default","site-sidebar-style":"default","ast-global-header-display":"","ast-banner-title-visibility":"","ast-main-header-display":"","ast-hfb-above-header-display":"","ast-hfb-below-header-display":"","ast-hfb-mobile-header-display":"","site-post-title":"disabled","ast-breadcrumbs-content":"","ast-featured-img":"disabled","footer-sml-layout":"","ast-disable-related-posts":"","theme-transparent-header-meta":"","adv-header-id-meta":"","stick-header-meta":"","header-above-stick-meta":"","header-main-stick-meta":"","header-below-stick-meta":"","astra-migrate-meta-layouts":"default","ast-page-background-enabled":"default","ast-page-background-meta":{"desktop":{"background-color":"var(--ast-global-color-4)","background-image":"","background-repeat":"repeat","background-position":"center center","background-size":"auto","background-attachment":"scroll","background-type":"","background-media":"","overlay-type":"","overlay-color":"","overlay-opacity":"","overlay-gradient":""},"tablet":{"background-color":"","background-image":"","background-repeat":"repeat","background-position":"center center","background-size":"auto","background-attachment":"scroll","background-type":"","background-media":"","overlay-type":"","overlay-color":"","overlay-opacity":"","overlay-gradient":""},"mobile":{"background-color":"","background-image":"","background-repeat":"repeat","background-position":"center center","background-size":"auto","background-attachment":"scroll","background-type":"","background-media":"","overlay-type":"","overlay-color":"","overlay-opacity":"","overlay-gradient":""}},"ast-content-background-meta":{"desktop":{"background-color":"var(--ast-global-color-5)","background-image":"","background-repeat":"repeat","background-position":"center center","background-size":"auto","background-attachment":"scroll","background-type":"","background-media":"","overlay-type":"","overlay-color":"","overlay-opacity":"","overlay-gradient":""},"tablet":{"background-color":"var(--ast-global-color-5)","background-image":"","background-repeat":"repeat","background-position":"center center","background-size":"auto","background-attachment":"scroll","background-type":"","background-media":"","overlay-type":"","overlay-color":"","overlay-opacity":"","overlay-gradient":""},"mobile":{"background-color":"var(--ast-global-color-5)","background-image":"","background-repeat":"repeat","background-position":"center center","background-size":"auto","background-attachment":"scroll","background-type":"","background-media":"","overlay-type":"","overlay-color":"","overlay-opacity":"","overlay-gradient":""}},"footnotes":""},"class_list":["post-782","page","type-page","status-publish","hentry"],"_links":{"self":[{"href":"https:\/\/aquabench.com\/eng\/wp-json\/wp\/v2\/pages\/782","targetHints":{"allow":["GET"]}}],"collection":[{"href":"https:\/\/aquabench.com\/eng\/wp-json\/wp\/v2\/pages"}],"about":[{"href":"https:\/\/aquabench.com\/eng\/wp-json\/wp\/v2\/types\/page"}],"author":[{"embeddable":true,"href":"https:\/\/aquabench.com\/eng\/wp-json\/wp\/v2\/users\/2"}],"replies":[{"embeddable":true,"href":"https:\/\/aquabench.com\/eng\/wp-json\/wp\/v2\/comments?post=782"}],"version-history":[{"count":19,"href":"https:\/\/aquabench.com\/eng\/wp-json\/wp\/v2\/pages\/782\/revisions"}],"predecessor-version":[{"id":1731,"href":"https:\/\/aquabench.com\/eng\/wp-json\/wp\/v2\/pages\/782\/revisions\/1731"}],"wp:attachment":[{"href":"https:\/\/aquabench.com\/eng\/wp-json\/wp\/v2\/media?parent=782"}],"curies":[{"name":"wp","href":"https:\/\/api.w.org\/{rel}","templated":true}]}}