{"id":824,"date":"2024-12-12T17:53:45","date_gmt":"2024-12-12T20:53:45","guid":{"rendered":"https:\/\/aquabench.com\/?page_id=824"},"modified":"2025-01-09T13:31:39","modified_gmt":"2025-01-09T16:31:39","slug":"noticias","status":"publish","type":"page","link":"https:\/\/aquabench.com\/eng\/noticias\/","title":{"rendered":"News"},"content":{"rendered":"\t\t<div data-elementor-type=\"wp-page\" data-elementor-id=\"824\" class=\"elementor elementor-824\">\n\t\t\t\t<div class=\"elementor-element elementor-element-49ab95b e-flex e-con-boxed lakit-col-width-auto-no wpr-particle-no wpr-jarallax-no wpr-parallax-no wpr-sticky-section-no wpr-equal-height-no e-container e-root-container elementor-top-section e-con e-parent\" data-id=\"49ab95b\" data-element_type=\"container\" data-e-type=\"container\" data-settings=\"{&quot;background_background&quot;:&quot;classic&quot;,&quot;background_motion_fx_motion_fx_scrolling&quot;:&quot;yes&quot;,&quot;background_motion_fx_translateY_effect&quot;:&quot;yes&quot;,&quot;background_motion_fx_translateY_speed&quot;:{&quot;unit&quot;:&quot;px&quot;,&quot;size&quot;:3,&quot;sizes&quot;:[]},&quot;background_motion_fx_translateY_affectedRange&quot;:{&quot;unit&quot;:&quot;%&quot;,&quot;size&quot;:&quot;&quot;,&quot;sizes&quot;:{&quot;start&quot;:20,&quot;end&quot;:80}},&quot;background_motion_fx_devices&quot;:[&quot;mobile&quot;,&quot;tablet&quot;,&quot;laptop&quot;,&quot;desktop&quot;]}\">\n\t\t\t\t\t<div class=\"e-con-inner\">\n\t\t\t\t\t<\/div>\n\t\t\t\t<\/div>\n\t\t<div class=\"elementor-element elementor-element-120543a e-flex e-con-boxed lakit-col-width-auto-no wpr-particle-no wpr-jarallax-no wpr-parallax-no wpr-sticky-section-no wpr-equal-height-no e-container e-root-container elementor-top-section e-con e-parent\" data-id=\"120543a\" data-element_type=\"container\" data-e-type=\"container\">\n\t\t\t\t\t<div class=\"e-con-inner\">\n\t\t<div class=\"elementor-element elementor-element-676144b e-con-full e-flex lakit-col-width-auto-no wpr-particle-no wpr-jarallax-no wpr-parallax-no wpr-sticky-section-no wpr-equal-height-no e-container e-con e-child\" data-id=\"676144b\" data-element_type=\"container\" data-e-type=\"container\" data-settings=\"{&quot;background_background&quot;:&quot;classic&quot;}\">\n\t\t\t\t<div class=\"elementor-element elementor-element-c0c935f elementor-widget elementor-widget-heading\" data-id=\"c0c935f\" data-element_type=\"widget\" data-e-type=\"widget\" data-widget_type=\"heading.default\">\n\t\t\t\t<div class=\"elementor-widget-container\">\n\t\t\t\t\t<h2 class=\"elementor-heading-title elementor-size-default\">Noticias<\/h2>\t\t\t\t<\/div>\n\t\t\t\t<\/div>\n\t\t\t\t<\/div>\n\t\t\t\t\t<\/div>\n\t\t\t\t<\/div>\n\t\t<div class=\"elementor-element elementor-element-6d5da0a e-flex e-con-boxed lakit-col-width-auto-no wpr-particle-no wpr-jarallax-no wpr-parallax-no wpr-sticky-section-no wpr-equal-height-no e-container e-root-container elementor-top-section e-con e-parent\" data-id=\"6d5da0a\" data-element_type=\"container\" data-e-type=\"container\">\n\t\t\t\t\t<div class=\"e-con-inner\">\n\t\t\t\t<div class=\"elementor-element elementor-element-7c36d8c wpr-grid-columns-3 wpr-grid-columns--laptop3 wpr-grid-columns--tablet2 wpr-grid-columns--mobile1 wpr-grid-pagination-center wpr-item-styles-inner elementor-widget elementor-widget-wpr-grid\" data-id=\"7c36d8c\" data-element_type=\"widget\" data-e-type=\"widget\" data-widget_type=\"wpr-grid.default\">\n\t\t\t\t<div class=\"elementor-widget-container\">\n\t\t\t\t\t<ul class=\"wpr-grid-filters elementor-clearfix wpr-grid-filters-sep-right\"><li class=\" wpr-pointer-none wpr-pointer-line-fx wpr-pointer-fx-none\"><span  data-filter=\"*\" class=\"wpr-grid-filters-item wpr-active-filter \">All Posts<\/span><em class=\"wpr-grid-filters-sep\"><\/em><\/li><\/ul><section class=\"wpr-grid elementor-clearfix\" data-settings=\"{&quot;layout&quot;:&quot;fitRows&quot;,&quot;stick_last_element_to_bottom&quot;:&quot;&quot;,&quot;columns_desktop&quot;:3,&quot;gutter_hr&quot;:40,&quot;gutter_hr_mobile&quot;:27,&quot;gutter_hr_mobile_extra&quot;:40,&quot;gutter_hr_tablet&quot;:40,&quot;gutter_hr_tablet_extra&quot;:40,&quot;gutter_hr_laptop&quot;:40,&quot;gutter_hr_widescreen&quot;:40,&quot;gutter_vr&quot;:40,&quot;gutter_vr_mobile&quot;:20,&quot;gutter_vr_mobile_extra&quot;:40,&quot;gutter_vr_tablet&quot;:40,&quot;gutter_vr_tablet_extra&quot;:40,&quot;gutter_vr_laptop&quot;:40,&quot;gutter_vr_widescreen&quot;:40,&quot;animation&quot;:&quot;default&quot;,&quot;animation_duration&quot;:0.299999999999999988897769753748434595763683319091796875,&quot;animation_delay&quot;:0.1000000000000000055511151231257827021181583404541015625,&quot;deeplinking&quot;:&quot;&quot;,&quot;filters_linkable&quot;:&quot;no&quot;,&quot;filters_default_filter&quot;:&quot;&quot;,&quot;filters_count&quot;:&quot;&quot;,&quot;filters_hide_empty&quot;:&quot;no&quot;,&quot;filters_animation&quot;:&quot;default&quot;,&quot;filters_animation_duration&quot;:0.299999999999999988897769753748434595763683319091796875,&quot;filters_animation_delay&quot;:0.1000000000000000055511151231257827021181583404541015625,&quot;pagination_type&quot;:&quot;load-more&quot;,&quot;pagination_max_pages&quot;:1,&quot;lightbox&quot;:{&quot;selector&quot;:&quot;.wpr-grid-image-wrap&quot;,&quot;iframeMaxWidth&quot;:&quot;60%&quot;,&quot;hash&quot;:false,&quot;autoplay&quot;:&quot;true&quot;,&quot;pause&quot;:5000,&quot;progressBar&quot;:&quot;true&quot;,&quot;counter&quot;:&quot;true&quot;,&quot;controls&quot;:&quot;true&quot;,&quot;getCaptionFromTitleOrAlt&quot;:&quot;true&quot;,&quot;thumbnail&quot;:&quot;&quot;,&quot;showThumbByDefault&quot;:&quot;&quot;,&quot;share&quot;:&quot;&quot;,&quot;zoom&quot;:&quot;true&quot;,&quot;fullScreen&quot;:&quot;true&quot;,&quot;download&quot;:&quot;true&quot;}}\" data-advanced-filters=\"no\"><article class=\"wpr-grid-item elementor-clearfix post-979 post type-post status-publish format-standard has-post-thumbnail hentry category-uncategorized\"><div class=\"wpr-grid-item-inner\"><div class=\"wpr-grid-media-wrap wpr-effect-size-medium \" data-overlay-link=\"yes\"><div class=\"wpr-grid-image-wrap\" data-src=\"https:\/\/aquabench.com\/wp-content\/uploads\/2024\/12\/Noticia02.png\" data-img-on-hover=\"\"  data-src-secondary=\"\"><img decoding=\"async\" data-no-lazy=\"1\" src=\"https:\/\/aquabench.com\/wp-content\/uploads\/2024\/12\/Noticia02.png\" alt=\"Sistemas de recirculaci\u00f3n (RAS)\" class=\"wpr-anim-timing-ease-default\"><\/div><div class=\"wpr-grid-media-hover wpr-animation-wrap\"><div class=\"wpr-grid-media-hover-bg  wpr-overlay-fade-in wpr-anim-size-large wpr-anim-timing-ease-default wpr-anim-transparency\" data-url=\"https:\/\/aquabench.com\/eng\/sistemas-de-recirculacion-ras\/\"><\/div><\/div><\/div><div class=\"wpr-grid-item-below-content elementor-clearfix\"><h2 class=\"wpr-grid-item-title elementor-repeater-item-9f88a52 wpr-grid-item-display-block wpr-grid-item-align-left wpr-pointer-none wpr-pointer-line-fx wpr-pointer-fx-fade\"><div class=\"inner-block\"><a target=\"_self\"  href=\"https:\/\/aquabench.com\/eng\/sistemas-de-recirculacion-ras\/\">Sistemas de recirculaci\u00f3n (RAS)<\/a><\/div><\/h2><div class=\"wpr-grid-item-date elementor-repeater-item-1910b5f wpr-grid-item-display-inline wpr-grid-item-align-left\"><div class=\"inner-block\"><span>July 19, 2022<\/span><\/div><\/div><div class=\"wpr-grid-item-separator elementor-repeater-item-a3a03f0 wpr-grid-item-display-block wpr-grid-item-align-left wpr-grid-sep-style-1\"><div class=\"inner-block\"><span><\/span><\/div><\/div><div class=\"wpr-grid-item-excerpt elementor-repeater-item-2f0e76b wpr-grid-item-display-block wpr-grid-item-align-left\"><div class=\"inner-block\"><p>Sistemas de recirculaci\u00f3n (RAS) De acuerdo con informaci\u00f3n entregada por la Universidad Austral de Chile, los sistemas de recirculaci\u00f3n (RAS)...<\/p><\/div><\/div><\/div><\/div><\/article><article class=\"wpr-grid-item elementor-clearfix post-969 post type-post status-publish format-standard has-post-thumbnail hentry category-uncategorized\"><div class=\"wpr-grid-item-inner\"><div class=\"wpr-grid-media-wrap wpr-effect-size-medium \" data-overlay-link=\"yes\"><div class=\"wpr-grid-image-wrap\" data-src=\"https:\/\/aquabench.com\/wp-content\/uploads\/2024\/12\/Noticia03.png\" data-img-on-hover=\"\"  data-src-secondary=\"\"><img decoding=\"async\" data-no-lazy=\"1\" src=\"https:\/\/aquabench.com\/wp-content\/uploads\/2024\/12\/Noticia03.png\" alt=\"Planificaci\u00f3n y desarrollo de proyectos de I+D\" class=\"wpr-anim-timing-ease-default\"><\/div><div class=\"wpr-grid-media-hover wpr-animation-wrap\"><div class=\"wpr-grid-media-hover-bg  wpr-overlay-fade-in wpr-anim-size-large wpr-anim-timing-ease-default wpr-anim-transparency\" data-url=\"https:\/\/aquabench.com\/eng\/planificacion-y-desarrollo-de-proyectos-de-id\/\"><\/div><\/div><\/div><div class=\"wpr-grid-item-below-content elementor-clearfix\"><h2 class=\"wpr-grid-item-title elementor-repeater-item-9f88a52 wpr-grid-item-display-block wpr-grid-item-align-left wpr-pointer-none wpr-pointer-line-fx wpr-pointer-fx-fade\"><div class=\"inner-block\"><a target=\"_self\"  href=\"https:\/\/aquabench.com\/eng\/planificacion-y-desarrollo-de-proyectos-de-id\/\">Planificaci\u00f3n y desarrollo de proyectos de I+D<\/a><\/div><\/h2><div class=\"wpr-grid-item-date elementor-repeater-item-1910b5f wpr-grid-item-display-inline wpr-grid-item-align-left\"><div class=\"inner-block\"><span>July 19, 2022<\/span><\/div><\/div><div class=\"wpr-grid-item-separator elementor-repeater-item-a3a03f0 wpr-grid-item-display-block wpr-grid-item-align-left wpr-grid-sep-style-1\"><div class=\"inner-block\"><span><\/span><\/div><\/div><div class=\"wpr-grid-item-excerpt elementor-repeater-item-2f0e76b wpr-grid-item-display-block wpr-grid-item-align-left\"><div class=\"inner-block\"><p>Planificaci\u00f3n y desarrollo de proyectos de I+D Aquabench\u00a0Cuenta con un equipo profesional de basta experiencia en la planificaci\u00f3n y desarrollo...<\/p><\/div><\/div><\/div><\/div><\/article><article class=\"wpr-grid-item elementor-clearfix post-830 post type-post status-publish format-standard has-post-thumbnail hentry category-uncategorized\"><div class=\"wpr-grid-item-inner\"><div class=\"wpr-grid-media-wrap wpr-effect-size-medium \" data-overlay-link=\"yes\"><div class=\"wpr-grid-image-wrap\" data-src=\"https:\/\/aquabench.com\/wp-content\/uploads\/2024\/12\/Noticia01.png\" data-img-on-hover=\"\"  data-src-secondary=\"\"><img decoding=\"async\" data-no-lazy=\"1\" src=\"https:\/\/aquabench.com\/wp-content\/uploads\/2024\/12\/Noticia01.png\" alt=\"Nuestra visi\u00f3n como empresa lider en Chile\" class=\"wpr-anim-timing-ease-default\"><\/div><div class=\"wpr-grid-media-hover wpr-animation-wrap\"><div class=\"wpr-grid-media-hover-bg  wpr-overlay-fade-in wpr-anim-size-large wpr-anim-timing-ease-default wpr-anim-transparency\" data-url=\"https:\/\/aquabench.com\/eng\/nuestra-vision-como-empresa-lider-en-chile\/\"><\/div><\/div><\/div><div class=\"wpr-grid-item-below-content elementor-clearfix\"><h2 class=\"wpr-grid-item-title elementor-repeater-item-9f88a52 wpr-grid-item-display-block wpr-grid-item-align-left wpr-pointer-none wpr-pointer-line-fx wpr-pointer-fx-fade\"><div class=\"inner-block\"><a target=\"_self\"  href=\"https:\/\/aquabench.com\/eng\/nuestra-vision-como-empresa-lider-en-chile\/\">Nuestra visi\u00f3n como empresa lider en Chile<\/a><\/div><\/h2><div class=\"wpr-grid-item-date elementor-repeater-item-1910b5f wpr-grid-item-display-inline wpr-grid-item-align-left\"><div class=\"inner-block\"><span>July 19, 2022<\/span><\/div><\/div><div class=\"wpr-grid-item-separator elementor-repeater-item-a3a03f0 wpr-grid-item-display-block wpr-grid-item-align-left wpr-grid-sep-style-1\"><div class=\"inner-block\"><span><\/span><\/div><\/div><div class=\"wpr-grid-item-excerpt elementor-repeater-item-2f0e76b wpr-grid-item-display-block wpr-grid-item-align-left\"><div class=\"inner-block\"><p>Nuestra visi\u00f3n como empresa lider en Chile Nuestra empresa mantiene la base de datos productiva mas amplia y validada de...<\/p><\/div><\/div><\/div><\/div><\/article><article class=\"wpr-grid-item elementor-clearfix post-958 post type-post status-publish format-standard has-post-thumbnail hentry category-uncategorized\"><div class=\"wpr-grid-item-inner\"><div class=\"wpr-grid-media-wrap wpr-effect-size-medium \" data-overlay-link=\"yes\"><div class=\"wpr-grid-image-wrap\" data-src=\"https:\/\/aquabench.com\/wp-content\/uploads\/2024\/12\/Noticia04.png\" data-img-on-hover=\"\"  data-src-secondary=\"\"><img decoding=\"async\" data-no-lazy=\"1\" src=\"https:\/\/aquabench.com\/wp-content\/uploads\/2024\/12\/Noticia04.png\" alt=\"Proyecto Melanosis 2022\" class=\"wpr-anim-timing-ease-default\"><\/div><div class=\"wpr-grid-media-hover wpr-animation-wrap\"><div class=\"wpr-grid-media-hover-bg  wpr-overlay-fade-in wpr-anim-size-large wpr-anim-timing-ease-default wpr-anim-transparency\" data-url=\"https:\/\/aquabench.com\/eng\/proyecto-melanosis-2022\/\"><\/div><\/div><\/div><div class=\"wpr-grid-item-below-content elementor-clearfix\"><h2 class=\"wpr-grid-item-title elementor-repeater-item-9f88a52 wpr-grid-item-display-block wpr-grid-item-align-left wpr-pointer-none wpr-pointer-line-fx wpr-pointer-fx-fade\"><div class=\"inner-block\"><a target=\"_self\"  href=\"https:\/\/aquabench.com\/eng\/proyecto-melanosis-2022\/\">Proyecto Melanosis 2022<\/a><\/div><\/h2><div class=\"wpr-grid-item-date elementor-repeater-item-1910b5f wpr-grid-item-display-inline wpr-grid-item-align-left\"><div class=\"inner-block\"><span>July 5, 2022<\/span><\/div><\/div><div class=\"wpr-grid-item-separator elementor-repeater-item-a3a03f0 wpr-grid-item-display-block wpr-grid-item-align-left wpr-grid-sep-style-1\"><div class=\"inner-block\"><span><\/span><\/div><\/div><div class=\"wpr-grid-item-excerpt elementor-repeater-item-2f0e76b wpr-grid-item-display-block wpr-grid-item-align-left\"><div class=\"inner-block\"><p>Proyecto Melanosis 2022 #Aquabench\u00a0ha iniciado en mayo de 2022 un proyecto que tiene como objetivo identificar factores asociados a la...<\/p><\/div><\/div><\/div><\/div><\/article><article class=\"wpr-grid-item elementor-clearfix post-948 post type-post status-publish format-standard has-post-thumbnail hentry category-uncategorized\"><div class=\"wpr-grid-item-inner\"><div class=\"wpr-grid-media-wrap wpr-effect-size-medium \" data-overlay-link=\"yes\"><div class=\"wpr-grid-image-wrap\" data-src=\"https:\/\/aquabench.com\/wp-content\/uploads\/2024\/12\/Noticia05.png\" data-img-on-hover=\"\"  data-src-secondary=\"\"><img decoding=\"async\" data-no-lazy=\"1\" src=\"https:\/\/aquabench.com\/wp-content\/uploads\/2024\/12\/Noticia05.png\" alt=\"Acuicultura de Brasil: Aquishow 2022\" class=\"wpr-anim-timing-ease-default\"><\/div><div class=\"wpr-grid-media-hover wpr-animation-wrap\"><div class=\"wpr-grid-media-hover-bg  wpr-overlay-fade-in wpr-anim-size-large wpr-anim-timing-ease-default wpr-anim-transparency\" data-url=\"https:\/\/aquabench.com\/eng\/acuicultura-de-brasil-aquishow-2022\/\"><\/div><\/div><\/div><div class=\"wpr-grid-item-below-content elementor-clearfix\"><h2 class=\"wpr-grid-item-title elementor-repeater-item-9f88a52 wpr-grid-item-display-block wpr-grid-item-align-left wpr-pointer-none wpr-pointer-line-fx wpr-pointer-fx-fade\"><div class=\"inner-block\"><a target=\"_self\"  href=\"https:\/\/aquabench.com\/eng\/acuicultura-de-brasil-aquishow-2022\/\">Acuicultura de Brasil: Aquishow 2022<\/a><\/div><\/h2><div class=\"wpr-grid-item-date elementor-repeater-item-1910b5f wpr-grid-item-display-inline wpr-grid-item-align-left\"><div class=\"inner-block\"><span>July 5, 2022<\/span><\/div><\/div><div class=\"wpr-grid-item-separator elementor-repeater-item-a3a03f0 wpr-grid-item-display-block wpr-grid-item-align-left wpr-grid-sep-style-1\"><div class=\"inner-block\"><span><\/span><\/div><\/div><div class=\"wpr-grid-item-excerpt elementor-repeater-item-2f0e76b wpr-grid-item-display-block wpr-grid-item-align-left\"><div class=\"inner-block\"><p>Acuicultura de Brasil: Aquishow 2022 Cinco empresas nacionales, varias de ellas instaladas en Puerto Montt, participaron junto a\u00a0#ProChile\u00a0en la mayor...<\/p><\/div><\/div><\/div><\/div><\/article><article class=\"wpr-grid-item elementor-clearfix post-934 post type-post status-publish format-standard has-post-thumbnail hentry category-uncategorized\"><div class=\"wpr-grid-item-inner\"><div class=\"wpr-grid-media-wrap wpr-effect-size-medium \" data-overlay-link=\"yes\"><div class=\"wpr-grid-image-wrap\" data-src=\"https:\/\/aquabench.com\/wp-content\/uploads\/2024\/12\/Noticia06.png\" data-img-on-hover=\"\"  data-src-secondary=\"\"><img decoding=\"async\" data-no-lazy=\"1\" src=\"https:\/\/aquabench.com\/wp-content\/uploads\/2024\/12\/Noticia06.png\" alt=\"La Industria del Salm\u00f3n\" class=\"wpr-anim-timing-ease-default\"><\/div><div class=\"wpr-grid-media-hover wpr-animation-wrap\"><div class=\"wpr-grid-media-hover-bg  wpr-overlay-fade-in wpr-anim-size-large wpr-anim-timing-ease-default wpr-anim-transparency\" data-url=\"https:\/\/aquabench.com\/eng\/la-industria-del-salmon\/\"><\/div><\/div><\/div><div class=\"wpr-grid-item-below-content elementor-clearfix\"><h2 class=\"wpr-grid-item-title elementor-repeater-item-9f88a52 wpr-grid-item-display-block wpr-grid-item-align-left wpr-pointer-none wpr-pointer-line-fx wpr-pointer-fx-fade\"><div class=\"inner-block\"><a target=\"_self\"  href=\"https:\/\/aquabench.com\/eng\/la-industria-del-salmon\/\">La Industria del Salm\u00f3n<\/a><\/div><\/h2><div class=\"wpr-grid-item-date elementor-repeater-item-1910b5f wpr-grid-item-display-inline wpr-grid-item-align-left\"><div class=\"inner-block\"><span>April 18, 2022<\/span><\/div><\/div><div class=\"wpr-grid-item-separator elementor-repeater-item-a3a03f0 wpr-grid-item-display-block wpr-grid-item-align-left wpr-grid-sep-style-1\"><div class=\"inner-block\"><span><\/span><\/div><\/div><div class=\"wpr-grid-item-excerpt elementor-repeater-item-2f0e76b wpr-grid-item-display-block wpr-grid-item-align-left\"><div class=\"inner-block\"><p>La Industria del Salm\u00f3n Aquabench\u00a0a trav\u00e9s de sus l\u00edneas de negocio ofrece servicios que apoyan en distintas maneras el desarrollo...<\/p><\/div><\/div><\/div><\/div><\/article><\/section>\t\t\t\t<\/div>\n\t\t\t\t<\/div>\n\t\t\t\t\t<\/div>\n\t\t\t\t<\/div>\n\t\t\t\t<\/div>\n\t\t","protected":false},"excerpt":{"rendered":"<p>Noticias All Posts Uncategorized Sistemas de recirculaci\u00f3n (RAS) Diciembre 19, 2024 Sistemas de recirculaci\u00f3n (RAS) De acuerdo con informaci\u00f3n entregada por la Universidad Austral de Chile, los sistemas de recirculaci\u00f3n (RAS)&hellip; Planificaci\u00f3n y desarrollo de proyectos de I+D Diciembre 19, 2024 Planificaci\u00f3n y desarrollo de proyectos de I+D Aquabench\u00a0Cuenta con un equipo profesional de basta experiencia en la planificaci\u00f3n y desarrollo&hellip; Proyecto Melanosis 2022 Diciembre 19, 2024 Proyecto Melanosis 2022 #Aquabench\u00a0ha iniciado en mayo de 2022 un proyecto que tiene como objetivo identificar factores asociados a la&hellip; Acuicultura de Brasil: Aquishow 2022 Diciembre 19, 2024 Acuicultura de Brasil: Aquishow 2022 Cinco empresas nacionales, varias de ellas instaladas en Puerto Montt, participaron junto a\u00a0#ProChile\u00a0en la mayor&hellip; La Industria del Salm\u00f3n Diciembre 19, 2024 La Industria del Salm\u00f3n Aquabench\u00a0a trav\u00e9s de sus l\u00edneas de negocio ofrece servicios que apoyan en distintas maneras el desarrollo&hellip; Nuestra visi\u00f3n como empresa lider en Chile Diciembre 12, 2024 Nuestra visi\u00f3n como empresa lider en Chile Nuestra empresa mantiene la base de datos productiva mas amplia y validada de&hellip;<\/p>","protected":false},"author":2,"featured_media":0,"parent":0,"menu_order":0,"comment_status":"closed","ping_status":"closed","template":"elementor_header_footer","meta":{"site-sidebar-layout":"no-sidebar","site-content-layout":"","ast-site-content-layout":"full-width-container","site-content-style":"default","site-sidebar-style":"default","ast-global-header-display":"","ast-banner-title-visibility":"","ast-main-header-display":"","ast-hfb-above-header-display":"","ast-hfb-below-header-display":"","ast-hfb-mobile-header-display":"","site-post-title":"disabled","ast-breadcrumbs-content":"","ast-featured-img":"disabled","footer-sml-layout":"","ast-disable-related-posts":"","theme-transparent-header-meta":"","adv-header-id-meta":"","stick-header-meta":"","header-above-stick-meta":"","header-main-stick-meta":"","header-below-stick-meta":"","astra-migrate-meta-layouts":"default","ast-page-background-enabled":"default","ast-page-background-meta":{"desktop":{"background-color":"var(--ast-global-color-4)","background-image":"","background-repeat":"repeat","background-position":"center center","background-size":"auto","background-attachment":"scroll","background-type":"","background-media":"","overlay-type":"","overlay-color":"","overlay-opacity":"","overlay-gradient":""},"tablet":{"background-color":"","background-image":"","background-repeat":"repeat","background-position":"center center","background-size":"auto","background-attachment":"scroll","background-type":"","background-media":"","overlay-type":"","overlay-color":"","overlay-opacity":"","overlay-gradient":""},"mobile":{"background-color":"","background-image":"","background-repeat":"repeat","background-position":"center center","background-size":"auto","background-attachment":"scroll","background-type":"","background-media":"","overlay-type":"","overlay-color":"","overlay-opacity":"","overlay-gradient":""}},"ast-content-background-meta":{"desktop":{"background-color":"var(--ast-global-color-5)","background-image":"","background-repeat":"repeat","background-position":"center center","background-size":"auto","background-attachment":"scroll","background-type":"","background-media":"","overlay-type":"","overlay-color":"","overlay-opacity":"","overlay-gradient":""},"tablet":{"background-color":"var(--ast-global-color-5)","background-image":"","background-repeat":"repeat","background-position":"center center","background-size":"auto","background-attachment":"scroll","background-type":"","background-media":"","overlay-type":"","overlay-color":"","overlay-opacity":"","overlay-gradient":""},"mobile":{"background-color":"var(--ast-global-color-5)","background-image":"","background-repeat":"repeat","background-position":"center center","background-size":"auto","background-attachment":"scroll","background-type":"","background-media":"","overlay-type":"","overlay-color":"","overlay-opacity":"","overlay-gradient":""}},"footnotes":""},"class_list":["post-824","page","type-page","status-publish","hentry"],"_links":{"self":[{"href":"https:\/\/aquabench.com\/eng\/wp-json\/wp\/v2\/pages\/824","targetHints":{"allow":["GET"]}}],"collection":[{"href":"https:\/\/aquabench.com\/eng\/wp-json\/wp\/v2\/pages"}],"about":[{"href":"https:\/\/aquabench.com\/eng\/wp-json\/wp\/v2\/types\/page"}],"author":[{"embeddable":true,"href":"https:\/\/aquabench.com\/eng\/wp-json\/wp\/v2\/users\/2"}],"replies":[{"embeddable":true,"href":"https:\/\/aquabench.com\/eng\/wp-json\/wp\/v2\/comments?post=824"}],"version-history":[{"count":10,"href":"https:\/\/aquabench.com\/eng\/wp-json\/wp\/v2\/pages\/824\/revisions"}],"predecessor-version":[{"id":1599,"href":"https:\/\/aquabench.com\/eng\/wp-json\/wp\/v2\/pages\/824\/revisions\/1599"}],"wp:attachment":[{"href":"https:\/\/aquabench.com\/eng\/wp-json\/wp\/v2\/media?parent=824"}],"curies":[{"name":"wp","href":"https:\/\/api.w.org\/{rel}","templated":true}]}}